{"id":2071,"date":"2022-06-13T09:55:42","date_gmt":"2022-06-13T09:55:42","guid":{"rendered":"https:\/\/marbesula.com\/driving-school-in-san-pedro-alcantara-2"},"modified":"2022-06-13T09:55:42","modified_gmt":"2022-06-13T09:55:42","slug":"driving-school-in-san-pedro-alcantara-2","status":"publish","type":"page","link":"https:\/\/marbesula.com\/en\/driving-school-in-san-pedro-alcantara-2","title":{"rendered":"Driving school in San Pedro Alc\u00e1ntara"},"content":{"rendered":"<div class=\"container\">\n<div class=\"row\">\n<div class=\"col-12\">\n<div class=\"info\" style=\"margin-bottom:2rem;\">\n<span style=\"font-size: 14px;font-weight: 500;color: 000;\"><a href=\"dakburger.es\"><img decoding=\"async\" draggable=\"false\" role=\"img\" class=\"emoji\" alt=\"\ud83d\ude97\" src=\"https:\/\/s.w.org\/images\/core\/emoji\/14.0.0\/svg\/1f697.svg\"><\/a>  \/ <a href=\"https:\/\/marbesula.com\/en\/contact\" style=\"color: #f00;\">Driving Schools<\/a> \/ Marbella \/ Driving School in San Pedro Alc\u00e1ntara<\/span><\/p>\n<h1 style=\"margin-top:0;margin-bottom: 0;color: #00236a;\">Driving school Marbesula in San Pedro Alc\u00e1ntara<\/h1>\n<h3 style=\"margin: 0;margin-bottom: 1rem;font-weight: 600;\">Get your driving license at Marbella driving school in San Pedro Alc\u00e1ntara.<\/h3>\n<div class=\"row\">\n<div class=\"col-12 col-sm-6\">\n<a href=\"tel:+34952535380\" style=\"color: #cb0000;font-weight: 800;display: block;\"><img decoding=\"async\" draggable=\"false\" role=\"img\" class=\"emoji\" alt=\"\ud83d\udcde\" src=\"https:\/\/s.w.org\/images\/core\/emoji\/14.0.0\/svg\/1f4de.svg\">+34 952 53 53 80<\/a>\n<\/div>\n<div class=\"col-12 col-sm-6\">\n<a href=\"https:\/\/www.google.com\/maps\/place\/Autoescuela+Marbesula+San+Pedro+-+Online+y+Presencial\/@36.4869245,-4.9883725,15z\/data=!4m5!3m4!1s0x0:0xeb1d0c993c717dae!8m2!3d36.4869245!4d-4.9883725\"><img decoding=\"async\" draggable=\"false\" role=\"img\" class=\"emoji\" alt=\"\u231a\" src=\"https:\/\/s.w.org\/images\/core\/emoji\/14.0.0\/svg\/231a.svg\">  See schedules<\/a>\n<\/div>\n<\/div>\n<\/div>\n<p><iframe src=\"https:\/\/www.google.com\/maps\/embed?pb=!1m14!1m8!1m3!1d12831.137372309711!2d-4.9883725!3d36.4869245!3m2!1i1024!2i768!4f13.1!3m3!1m2!1s0x0%3A0xeb1d0c993c717dae!2sAutoescuela%20Marbesula%20San%20Pedro%20-%20Online%20y%20Presencial!5e0!3m2!1ses!2ses!4v1655129786375!5m2!1ses!2ses\" width=\"600\" height=\"450\" style=\"border: 0px; width: 550px; height: 412.5px;\" allowfullscreen=\"\" loading=\"lazy\" referrerpolicy=\"no-referrer-when-downgrade\" data-origwidth=\"600\" data-origheight=\"450\"><\/iframe>\n<\/div>\n<\/div>\n\t\t<div id=\"sbi_mod_error\" >\n\t\t\t<span>This error message is only visible to WordPress admins<\/span><br\/>\n\t\t\t<p><strong>Error: No feed with the ID 1 found.<\/strong>\n\t\t\t<p>Please go to the Instagram Feed settings page to create a feed.<\/p>\n\t\t<\/div>\n\t\t<\/div>\n","protected":false},"excerpt":{"rendered":"<p>\/ Driving Schools \/ Marbella \/ Driving School in San Pedro Alc\u00e1ntara Driving school Marbesula in San Pedro Alc\u00e1ntara Get your driving license at Marbella driving school in San Pedro Alc\u00e1ntara. +34 952 53 53 80 See schedules<\/p>\n","protected":false},"author":1,"featured_media":0,"parent":0,"menu_order":0,"comment_status":"closed","ping_status":"closed","template":"","meta":{"inline_featured_image":false,"_joinchat":[],"footnotes":""},"class_list":["post-2071","page","type-page","status-publish","hentry"],"yoast_head":"<!-- This site is optimized with the Yoast SEO plugin v26.6 - https:\/\/yoast.com\/wordpress\/plugins\/seo\/ -->\n<title>Driving school in San Pedro Alc\u00e1ntara - Autoescuela Marbesula<\/title>\n<meta name=\"robots\" content=\"index, follow, max-snippet:-1, max-image-preview:large, max-video-preview:-1\" \/>\n<link rel=\"canonical\" href=\"https:\/\/marbesula.com\/en\/driving-school-in-san-pedro-alcantara-2\" \/>\n<meta property=\"og:locale\" content=\"en_US\" \/>\n<meta property=\"og:type\" content=\"article\" \/>\n<meta property=\"og:title\" content=\"Driving school in San Pedro Alc\u00e1ntara - Autoescuela Marbesula\" \/>\n<meta property=\"og:description\" content=\"\/ Driving Schools \/ Marbella \/ Driving School in San Pedro Alc\u00e1ntara Driving school Marbesula in San Pedro Alc\u00e1ntara Get your driving license at Marbella driving school in San Pedro Alc\u00e1ntara. +34 952 53 53 80 See schedules\" \/>\n<meta property=\"og:url\" content=\"https:\/\/marbesula.com\/en\/driving-school-in-san-pedro-alcantara-2\" \/>\n<meta property=\"og:site_name\" content=\"Autoescuela Marbesula\" \/>\n<meta property=\"og:image\" content=\"https:\/\/s.w.org\/images\/core\/emoji\/14.0.0\/svg\/1f697.svg\" \/>\n<meta name=\"twitter:card\" content=\"summary_large_image\" \/>\n<script type=\"application\/ld+json\" class=\"yoast-schema-graph\">{\"@context\":\"https:\/\/schema.org\",\"@graph\":[{\"@type\":\"WebPage\",\"@id\":\"https:\/\/marbesula.com\/en\/driving-school-in-san-pedro-alcantara-2\",\"url\":\"https:\/\/marbesula.com\/en\/driving-school-in-san-pedro-alcantara-2\",\"name\":\"Driving school in San Pedro Alc\u00e1ntara - Autoescuela Marbesula\",\"isPartOf\":{\"@id\":\"https:\/\/marbesula.com\/en#website\"},\"primaryImageOfPage\":{\"@id\":\"https:\/\/marbesula.com\/en\/driving-school-in-san-pedro-alcantara-2#primaryimage\"},\"image\":{\"@id\":\"https:\/\/marbesula.com\/en\/driving-school-in-san-pedro-alcantara-2#primaryimage\"},\"thumbnailUrl\":\"https:\/\/s.w.org\/images\/core\/emoji\/14.0.0\/svg\/1f697.svg\",\"datePublished\":\"2022-06-13T09:55:42+00:00\",\"breadcrumb\":{\"@id\":\"https:\/\/marbesula.com\/en\/driving-school-in-san-pedro-alcantara-2#breadcrumb\"},\"inLanguage\":\"en-US\",\"potentialAction\":[{\"@type\":\"ReadAction\",\"target\":[\"https:\/\/marbesula.com\/en\/driving-school-in-san-pedro-alcantara-2\"]}]},{\"@type\":\"ImageObject\",\"inLanguage\":\"en-US\",\"@id\":\"https:\/\/marbesula.com\/en\/driving-school-in-san-pedro-alcantara-2#primaryimage\",\"url\":\"https:\/\/s.w.org\/images\/core\/emoji\/14.0.0\/svg\/1f697.svg\",\"contentUrl\":\"https:\/\/s.w.org\/images\/core\/emoji\/14.0.0\/svg\/1f697.svg\"},{\"@type\":\"BreadcrumbList\",\"@id\":\"https:\/\/marbesula.com\/en\/driving-school-in-san-pedro-alcantara-2#breadcrumb\",\"itemListElement\":[{\"@type\":\"ListItem\",\"position\":1,\"name\":\"Inicio\",\"item\":\"https:\/\/marbesula.com\/en\"},{\"@type\":\"ListItem\",\"position\":2,\"name\":\"Driving school in San Pedro Alc\u00e1ntara\"}]},{\"@type\":\"WebSite\",\"@id\":\"https:\/\/marbesula.com\/en#website\",\"url\":\"https:\/\/marbesula.com\/en\",\"name\":\"Autoescuela Marbesula\",\"description\":\"Autoescuela presencial y online\",\"publisher\":{\"@id\":\"https:\/\/marbesula.com\/en#organization\"},\"potentialAction\":[{\"@type\":\"SearchAction\",\"target\":{\"@type\":\"EntryPoint\",\"urlTemplate\":\"https:\/\/marbesula.com\/en?s={search_term_string}\"},\"query-input\":{\"@type\":\"PropertyValueSpecification\",\"valueRequired\":true,\"valueName\":\"search_term_string\"}}],\"inLanguage\":\"en-US\"},{\"@type\":\"Organization\",\"@id\":\"https:\/\/marbesula.com\/en#organization\",\"name\":\"Autoescuela Marbesula\",\"alternateName\":\"Marbesula\",\"url\":\"https:\/\/marbesula.com\/en\",\"logo\":{\"@type\":\"ImageObject\",\"inLanguage\":\"en-US\",\"@id\":\"https:\/\/marbesula.com\/en#\/schema\/logo\/image\/\",\"url\":\"https:\/\/marbesula.com\/wp-content\/uploads\/2020\/07\/logo-new-2020.svg\",\"contentUrl\":\"https:\/\/marbesula.com\/wp-content\/uploads\/2020\/07\/logo-new-2020.svg\",\"caption\":\"Autoescuela Marbesula\"},\"image\":{\"@id\":\"https:\/\/marbesula.com\/en#\/schema\/logo\/image\/\"},\"sameAs\":[\"https:\/\/instagram.com\/autoescuelamarbesula\"]}]}<\/script>\n<!-- \/ Yoast SEO plugin. -->","yoast_head_json":{"title":"Driving school in San Pedro Alc\u00e1ntara - Autoescuela Marbesula","robots":{"index":"index","follow":"follow","max-snippet":"max-snippet:-1","max-image-preview":"max-image-preview:large","max-video-preview":"max-video-preview:-1"},"canonical":"https:\/\/marbesula.com\/en\/driving-school-in-san-pedro-alcantara-2","og_locale":"en_US","og_type":"article","og_title":"Driving school in San Pedro Alc\u00e1ntara - Autoescuela Marbesula","og_description":"\/ Driving Schools \/ Marbella \/ Driving School in San Pedro Alc\u00e1ntara Driving school Marbesula in San Pedro Alc\u00e1ntara Get your driving license at Marbella driving school in San Pedro Alc\u00e1ntara. +34 952 53 53 80 See schedules","og_url":"https:\/\/marbesula.com\/en\/driving-school-in-san-pedro-alcantara-2","og_site_name":"Autoescuela Marbesula","og_image":[{"url":"https:\/\/s.w.org\/images\/core\/emoji\/14.0.0\/svg\/1f697.svg","type":"","width":"","height":""}],"twitter_card":"summary_large_image","schema":{"@context":"https:\/\/schema.org","@graph":[{"@type":"WebPage","@id":"https:\/\/marbesula.com\/en\/driving-school-in-san-pedro-alcantara-2","url":"https:\/\/marbesula.com\/en\/driving-school-in-san-pedro-alcantara-2","name":"Driving school in San Pedro Alc\u00e1ntara - Autoescuela Marbesula","isPartOf":{"@id":"https:\/\/marbesula.com\/en#website"},"primaryImageOfPage":{"@id":"https:\/\/marbesula.com\/en\/driving-school-in-san-pedro-alcantara-2#primaryimage"},"image":{"@id":"https:\/\/marbesula.com\/en\/driving-school-in-san-pedro-alcantara-2#primaryimage"},"thumbnailUrl":"https:\/\/s.w.org\/images\/core\/emoji\/14.0.0\/svg\/1f697.svg","datePublished":"2022-06-13T09:55:42+00:00","breadcrumb":{"@id":"https:\/\/marbesula.com\/en\/driving-school-in-san-pedro-alcantara-2#breadcrumb"},"inLanguage":"en-US","potentialAction":[{"@type":"ReadAction","target":["https:\/\/marbesula.com\/en\/driving-school-in-san-pedro-alcantara-2"]}]},{"@type":"ImageObject","inLanguage":"en-US","@id":"https:\/\/marbesula.com\/en\/driving-school-in-san-pedro-alcantara-2#primaryimage","url":"https:\/\/s.w.org\/images\/core\/emoji\/14.0.0\/svg\/1f697.svg","contentUrl":"https:\/\/s.w.org\/images\/core\/emoji\/14.0.0\/svg\/1f697.svg"},{"@type":"BreadcrumbList","@id":"https:\/\/marbesula.com\/en\/driving-school-in-san-pedro-alcantara-2#breadcrumb","itemListElement":[{"@type":"ListItem","position":1,"name":"Inicio","item":"https:\/\/marbesula.com\/en"},{"@type":"ListItem","position":2,"name":"Driving school in San Pedro Alc\u00e1ntara"}]},{"@type":"WebSite","@id":"https:\/\/marbesula.com\/en#website","url":"https:\/\/marbesula.com\/en","name":"Autoescuela Marbesula","description":"Autoescuela presencial y online","publisher":{"@id":"https:\/\/marbesula.com\/en#organization"},"potentialAction":[{"@type":"SearchAction","target":{"@type":"EntryPoint","urlTemplate":"https:\/\/marbesula.com\/en?s={search_term_string}"},"query-input":{"@type":"PropertyValueSpecification","valueRequired":true,"valueName":"search_term_string"}}],"inLanguage":"en-US"},{"@type":"Organization","@id":"https:\/\/marbesula.com\/en#organization","name":"Autoescuela Marbesula","alternateName":"Marbesula","url":"https:\/\/marbesula.com\/en","logo":{"@type":"ImageObject","inLanguage":"en-US","@id":"https:\/\/marbesula.com\/en#\/schema\/logo\/image\/","url":"https:\/\/marbesula.com\/wp-content\/uploads\/2020\/07\/logo-new-2020.svg","contentUrl":"https:\/\/marbesula.com\/wp-content\/uploads\/2020\/07\/logo-new-2020.svg","caption":"Autoescuela Marbesula"},"image":{"@id":"https:\/\/marbesula.com\/en#\/schema\/logo\/image\/"},"sameAs":["https:\/\/instagram.com\/autoescuelamarbesula"]}]}},"_links":{"self":[{"href":"https:\/\/marbesula.com\/en\/wp-json\/wp\/v2\/pages\/2071","targetHints":{"allow":["GET"]}}],"collection":[{"href":"https:\/\/marbesula.com\/en\/wp-json\/wp\/v2\/pages"}],"about":[{"href":"https:\/\/marbesula.com\/en\/wp-json\/wp\/v2\/types\/page"}],"author":[{"embeddable":true,"href":"https:\/\/marbesula.com\/en\/wp-json\/wp\/v2\/users\/1"}],"replies":[{"embeddable":true,"href":"https:\/\/marbesula.com\/en\/wp-json\/wp\/v2\/comments?post=2071"}],"version-history":[{"count":0,"href":"https:\/\/marbesula.com\/en\/wp-json\/wp\/v2\/pages\/2071\/revisions"}],"wp:attachment":[{"href":"https:\/\/marbesula.com\/en\/wp-json\/wp\/v2\/media?parent=2071"}],"curies":[{"name":"wp","href":"https:\/\/api.w.org\/{rel}","templated":true}]}}